{"id":1427,"date":"2016-03-24T13:21:53","date_gmt":"2016-03-24T12:21:53","guid":{"rendered":"http:\/\/www.melanie-melcher.de\/?page_id=1427"},"modified":"2016-03-24T13:35:37","modified_gmt":"2016-03-24T12:35:37","slug":"alben","status":"publish","type":"page","link":"https:\/\/www.melanie-melcher.de\/index.php\/alben\/","title":{"rendered":"Digitalalben"},"content":{"rendered":"<p>Damit eure Bilder stilvoll in eure H\u00e4nde gelangen, biete ich euch eine Vielzahl von hochwertigen Digitalalben an.<br \/>\nDiese werden handgefertigt und individuell f\u00fcr euch gestaltet. Somit ist euer Buch immer ein Unikat und wird nur f\u00fcr euch hergestellt.<\/p>\n<p>Ganz egal wof\u00fcr ihr euch entscheidet, ob schlicht und elegant oder verspielt, wir werden das passende Modell f\u00fcr euch finden.\u00a0Neben der Farbe k\u00f6nnt ihr auch w\u00e4hlen, ob euer Buch mit Acrylglas oder Alu veredelt wird. Auch ein Upgrade auf Echtleder ist m\u00f6glich.<br \/>\nDie passende Verpackung rundet das Ergebnis ab.<\/p>\n<p>Alle B\u00fccher sind ausserdem als Set lieferbar, so dass auch die Mamas und Papas mit versorgt werden. \ud83d\ude42<\/p>\n<p>Hier seht ihr die aktuelle Auswahl an Buchmodellen.<\/p>\n<p><img loading=\"lazy\" decoding=\"async\" class=\"aligncenter size-full wp-image-1428\" src=\"http:\/\/www.melanie-melcher.de\/wp-content\/uploads\/Emotion.jpg\" alt=\"Emotion\" width=\"800\" height=\"400\" srcset=\"https:\/\/www.melanie-melcher.de\/wp-content\/uploads\/Emotion.jpg 800w, https:\/\/www.melanie-melcher.de\/wp-content\/uploads\/Emotion-300x150.jpg 300w, https:\/\/www.melanie-melcher.de\/wp-content\/uploads\/Emotion-768x384.jpg 768w\" sizes=\"auto, (max-width: 800px) 100vw, 800px\" \/><br \/>\n<img loading=\"lazy\" decoding=\"async\" class=\"aligncenter size-full wp-image-1435\" src=\"http:\/\/www.melanie-melcher.de\/wp-content\/uploads\/Flavia.jpg\" alt=\"Flavia\" width=\"800\" height=\"400\" srcset=\"https:\/\/www.melanie-melcher.de\/wp-content\/uploads\/Flavia.jpg 800w, https:\/\/www.melanie-melcher.de\/wp-content\/uploads\/Flavia-300x150.jpg 300w, https:\/\/www.melanie-melcher.de\/wp-content\/uploads\/Flavia-768x384.jpg 768w\" sizes=\"auto, (max-width: 800px) 100vw, 800px\" \/><br \/>\n<img loading=\"lazy\" decoding=\"async\" class=\"aligncenter size-full wp-image-1429\" src=\"http:\/\/www.melanie-melcher.de\/wp-content\/uploads\/Harmony-Alu-Premium.jpg\" alt=\"Harmony Alu Premium\" width=\"800\" height=\"400\" srcset=\"https:\/\/www.melanie-melcher.de\/wp-content\/uploads\/Harmony-Alu-Premium.jpg 800w, https:\/\/www.melanie-melcher.de\/wp-content\/uploads\/Harmony-Alu-Premium-300x150.jpg 300w, https:\/\/www.melanie-melcher.de\/wp-content\/uploads\/Harmony-Alu-Premium-768x384.jpg 768w\" sizes=\"auto, (max-width: 800px) 100vw, 800px\" \/><\/p>\n<p><img loading=\"lazy\" decoding=\"async\" class=\"aligncenter size-full wp-image-1437\" src=\"http:\/\/www.melanie-melcher.de\/wp-content\/uploads\/Harmony-Gloss.jpg\" alt=\"Harmony Gloss\" width=\"800\" height=\"400\" srcset=\"https:\/\/www.melanie-melcher.de\/wp-content\/uploads\/Harmony-Gloss.jpg 800w, https:\/\/www.melanie-melcher.de\/wp-content\/uploads\/Harmony-Gloss-300x150.jpg 300w, https:\/\/www.melanie-melcher.de\/wp-content\/uploads\/Harmony-Gloss-768x384.jpg 768w\" sizes=\"auto, (max-width: 800px) 100vw, 800px\" \/><\/p>\n<p><img loading=\"lazy\" decoding=\"async\" class=\"aligncenter size-full wp-image-1430\" src=\"http:\/\/www.melanie-melcher.de\/wp-content\/uploads\/Infinity.jpg\" alt=\"Infinity\" width=\"800\" height=\"400\" srcset=\"https:\/\/www.melanie-melcher.de\/wp-content\/uploads\/Infinity.jpg 800w, https:\/\/www.melanie-melcher.de\/wp-content\/uploads\/Infinity-300x150.jpg 300w, https:\/\/www.melanie-melcher.de\/wp-content\/uploads\/Infinity-768x384.jpg 768w\" sizes=\"auto, (max-width: 800px) 100vw, 800px\" \/><\/p>\n<p><img loading=\"lazy\" decoding=\"async\" class=\"aligncenter size-full wp-image-1431\" src=\"http:\/\/www.melanie-melcher.de\/wp-content\/uploads\/New-Balance.jpg\" alt=\"New Balance\" width=\"800\" height=\"400\" srcset=\"https:\/\/www.melanie-melcher.de\/wp-content\/uploads\/New-Balance.jpg 800w, https:\/\/www.melanie-melcher.de\/wp-content\/uploads\/New-Balance-300x150.jpg 300w, https:\/\/www.melanie-melcher.de\/wp-content\/uploads\/New-Balance-768x384.jpg 768w\" sizes=\"auto, (max-width: 800px) 100vw, 800px\" \/><\/p>\n<p><img loading=\"lazy\" decoding=\"async\" class=\"aligncenter size-full wp-image-1432\" src=\"http:\/\/www.melanie-melcher.de\/wp-content\/uploads\/Personalisiert.jpg\" alt=\"Personalisiert\" width=\"800\" height=\"400\" srcset=\"https:\/\/www.melanie-melcher.de\/wp-content\/uploads\/Personalisiert.jpg 800w, https:\/\/www.melanie-melcher.de\/wp-content\/uploads\/Personalisiert-300x150.jpg 300w, https:\/\/www.melanie-melcher.de\/wp-content\/uploads\/Personalisiert-768x384.jpg 768w\" sizes=\"auto, (max-width: 800px) 100vw, 800px\" \/><\/p>\n<p><img loading=\"lazy\" decoding=\"async\" class=\"aligncenter size-full wp-image-1433\" src=\"http:\/\/www.melanie-melcher.de\/wp-content\/uploads\/Sara.jpg\" alt=\"Sara\" width=\"800\" height=\"400\" srcset=\"https:\/\/www.melanie-melcher.de\/wp-content\/uploads\/Sara.jpg 800w, https:\/\/www.melanie-melcher.de\/wp-content\/uploads\/Sara-300x150.jpg 300w, https:\/\/www.melanie-melcher.de\/wp-content\/uploads\/Sara-768x384.jpg 768w\" sizes=\"auto, (max-width: 800px) 100vw, 800px\" \/><\/p>\n<h4>Weitere Produkte findet ihr <a href=\"http:\/\/www.melanie-melcher.de\/index.php\/galerien-3\/products-2\/\" target=\"_blank\">hier<\/a>.<\/h4>\n","protected":false},"excerpt":{"rendered":"<p>Damit eure Bilder stilvoll in eure H\u00e4nde gelangen, biete ich euch eine Vielzahl von hochwertigen Digitalalben an. Diese werden handgefertigt und individuell f\u00fcr euch gestaltet. Somit ist euer Buch immer ein Unikat und wird nur f\u00fcr euch hergestellt. Ganz egal wof\u00fcr ihr euch entscheidet, ob schlicht und elegant oder verspielt, wir werden das passende Modell [&hellip;]<\/p>\n","protected":false},"author":1,"featured_media":0,"parent":0,"menu_order":0,"comment_status":"closed","ping_status":"closed","template":"page-full-width.php","meta":{"footnotes":""},"class_list":["post-1427","page","type-page","status-publish","hentry"],"_links":{"self":[{"href":"https:\/\/www.melanie-melcher.de\/index.php\/wp-json\/wp\/v2\/pages\/1427","targetHints":{"allow":["GET"]}}],"collection":[{"href":"https:\/\/www.melanie-melcher.de\/index.php\/wp-json\/wp\/v2\/pages"}],"about":[{"href":"https:\/\/www.melanie-melcher.de\/index.php\/wp-json\/wp\/v2\/types\/page"}],"author":[{"embeddable":true,"href":"https:\/\/www.melanie-melcher.de\/index.php\/wp-json\/wp\/v2\/users\/1"}],"replies":[{"embeddable":true,"href":"https:\/\/www.melanie-melcher.de\/index.php\/wp-json\/wp\/v2\/comments?post=1427"}],"version-history":[{"count":8,"href":"https:\/\/www.melanie-melcher.de\/index.php\/wp-json\/wp\/v2\/pages\/1427\/revisions"}],"predecessor-version":[{"id":1445,"href":"https:\/\/www.melanie-melcher.de\/index.php\/wp-json\/wp\/v2\/pages\/1427\/revisions\/1445"}],"wp:attachment":[{"href":"https:\/\/www.melanie-melcher.de\/index.php\/wp-json\/wp\/v2\/media?parent=1427"}],"curies":[{"name":"wp","href":"https:\/\/api.w.org\/{rel}","templated":true}]}}