{"id":3708,"date":"2018-05-18T19:47:46","date_gmt":"2018-05-18T17:47:46","guid":{"rendered":"https:\/\/www.melanie-melcher.de\/?page_id=3708"},"modified":"2023-06-21T12:17:41","modified_gmt":"2023-06-21T10:17:41","slug":"agb","status":"publish","type":"page","link":"https:\/\/www.melanie-melcher.de\/index.php\/agb\/","title":{"rendered":"AGB"},"content":{"rendered":"<p><strong>Melanie Melcher<u> <\/u><\/strong><\/p>\n<p><strong><u>Allgemeine Gesch\u00e4ftsbedingungen (kurz: AGB)<\/u><\/strong><\/p>\n<p>I. Allgemeines<\/p>\n<ol>\n<li>Die nachfolgenden AGB gelten f\u00fcr alle dem Auftragnehmer (nachfolgend Fotograf genannt) erteilten Auftr\u00e4ge. Sie gelten als vereinbart, wenn ihnen nicht umgehend widersprochen wird.<\/li>\n<li>\u201eLichtbilder\u201c im Sinne dieser AGB sind alle vom Fotografen hergestellten Produkte, gleich in welcher technischen Form oder in welchem Medium sie erstellt wurden oder vorliegen (Negative, Dia-Positive, Papierbilder, Still-Videos, elektronische Stehbilder in digitalisierter Form, Videos usw.)<\/li>\n<\/ol>\n<p>II. Urheberrecht<\/p>\n<ol>\n<li>Dem Fotografen steht das Urheberrecht an den Lichtbildern nach Ma\u00dfgabe des Urheberrechtsgesetzes zu. Er ist der Urheber der Lichtbilder.<\/li>\n<li>Die vom Fotografen hergestellten Lichtbilder sind grunds\u00e4tzlich nur f\u00fcr den eigenen privaten Gebrauch des Auftraggebers (nachfolgend Kunde genannt) i.S.d. \u00a7 31 Absatz 2 Urhebergesetz bestimmt.<\/li>\n<li>\u00dcbertr\u00e4gt der Fotograf Nutzungsrechte an seinen Werken, ist &#8211; sofern nicht ausdr\u00fccklich etwas anderes vereinbart wurde &#8211; jeweils nur das einfache Nutzungsrecht \u00fcbertragen. Eine Weitergabe von Nutzungsrechten bedarf der besonderen Vereinbarung. Erweiterte Nutzungsrecht bed\u00fcrfen einer gesonderten vertraglichen Vereinbarung und Einwilligung des Urhebers.<\/li>\n<li>Die einfachen Nutzungsrechte gehen erst nach vollst\u00e4ndiger Bezahlung des Honorars an den Fotografen auf den Kunden \u00fcber.<\/li>\n<li>Der Besteller eines Bildes i.S. vom \u00a7 60 UrhG hat kein Recht, das Lichtbild zu vervielf\u00e4ltigen und zu verbreiten, wenn nicht die entsprechenden Nutzungsrechte \u00fcbertragen worden sind. \u00a7 60 UrhG wird ausdr\u00fccklich abbedungen. Eine Bearbeitung oder Weitergabe der Daten oder Fotos an Dritte, insbesondere an andere Dienstleister, ist jedem ohne ausdr\u00fcckliche Vereinbarung mit dem Fotografen untersagt.<\/li>\n<li>Bei der Verwertung der Lichtbilder kann der Fotograf, sofern nichts anderes vereinbart wurde, verlangen, als Urheber des Lichtbildes genannt zu werden. Eine Verletzung des Rechts auf Namensnennung berechtigt den Fotografen zum Schadensersatz.<\/li>\n<li>Die Negative verbleiben beim Fotografen. Eine Herausgabe der Negative an den Kunden erfolgt nur bei gesonderter Vereinbarung.<\/li>\n<\/ol>\n<p>III. Werbezwecke<\/p>\n<p style=\"padding-left: 30px;\">Die Kunden sind damit einverstanden, dass die im Rahmen des Shootings entstandenen Fotos zu Werbezwecken von und durch den Fotografen genutzt und ver\u00f6ffentlicht werden d\u00fcrfen. (Falls nicht, bitte streichen!)<\/p>\n<p style=\"padding-left: 30px;\">Dieses Einverst\u00e4ndnis kann jederzeit schriftlich widerrufen werden. F\u00fcr den Fall, dass das Einverst\u00e4ndnis nachtr\u00e4glich widerrufen wird, \u00fcbernehmen die Auftraggeber die Kosten f\u00fcr den Neudruck von Werbematerial, sofern in diesem Material Bilder aus dem Auftrag verwendet wurden.<\/p>\n<p>IV. Verg\u00fctung, Eigentumsvorbehalt, R\u00fccktrittsvorbehalt<\/p>\n<ol>\n<li>F\u00fcr die Herstellung der Lichtbilder wird ein Honorar als Stundensatz, Tagessatz oder eine vereinbarte Pauschale zuz\u00fcglich der gesetzlichen Mehrwertsteuer berechnet; Nebenkosten (Reisekosten, Modellhonorare, Spesen, Requisiten, Labor- und Materialkosten, Studiomieten etc.) sind vom Kunden zu tragen. Gegen\u00fcber Endverbrauchern weist der Fotograf die Endpreise inkl. Mehrwertsteuer aus.<\/li>\n<li>Bei Beauftragung des Fotografen f\u00fcr <u>Hochzeiten (Shooting, Fotos, Videos)<\/u> wird unmittelbar nach Unterzeichnung des Auftragsformulars durch den Kunden von dem Fotografen eine Rechnung f\u00fcr die verbindliche Terminreservierung in H\u00f6he von 30% der Gesamtsumme erstellt. Die Rechnung ist sofort f\u00e4llig und muss von dem Kunden sp\u00e4testens innerhalb von 10 Tagen nach Erhalt der Rechnung gezahlt werden. Sofern der Kunde den Rechnungsbetrag nicht innerhalb dieser Frist zahlt, ist der Fotograf berechtigt, vom Vertrag zur\u00fcckzutreten. Dem Fotografen steht f\u00fcr diesen Fall ein R\u00fccktrittsrecht zu und er ist berechtigt den Termin anderweitig zu vergeben.<\/li>\n<li>Bei Beauftragung des Fotografen f\u00fcr alle sonstigen Shootings werden die gefertigten Bilder in einer Online-Galerie zur Ansicht hochgeladen. Sofern nichts anderes vereinbart wurde, ist der Mindestpreis f\u00fcr die Aufnahme der Fotos (Shooting) und die Auswahl von 10 Fotos in der Online-Galerie 250,00 \u20ac inklusive Mehrwertsteuer. Der Rechnungsbetrag ist per Paypal oder Bank\u00fcberweisung zu leisten. Dem Kunden wird der Zugang durch pers\u00f6nliche Zugangsdaten zu der Online-Galerie, in der seine Fotos hochgeladen wurden, maximal f\u00fcr zwei Wochen zur Auswahl und Bestellung zur Verf\u00fcgung gestellt. Danach werden die Fotos automatisch aus der Online-Galerie gel\u00f6scht. Nach Ablauf dieser Frist m\u00fcssen die Fotos erneut von dem Fotografen in die Online-Galerie hochgeladen werden. F\u00fcr ein zweites und jedes weitere Hochladen der Fotos muss der Kunde zus\u00e4tzliche Kosten von jeweils 25,00 \u20ac zahlen.<\/li>\n<li>F\u00e4llige Rechnungen sind \u2013 soweit nicht etwas anderes vereinbart ist &#8211; innerhalb von 14 Tagen ohne Abzug zu zahlen. Der Kunde ger\u00e4t sp\u00e4testens in Verzug, wenn er f\u00e4llige Rechnungen nicht sp\u00e4testens 30 (in Worten: drei\u00dfig) Tage nach Zugang einer Rechnung oder gleichwertigen Zahlungsaufforderung begleicht. Dem Fotografen bleibt vorbehalten, den Verzug durch Erteilung einer nach F\u00e4lligkeit zugehenden Mahnung zu einem fr\u00fcheren Zeitpunkt herbeizuf\u00fchren.<\/li>\n<li>Bis zur vollst\u00e4ndigen Bezahlung des Kaufpreises bleiben die gelieferten Lichtbilder Eigentum des Fotografen.<\/li>\n<li>Hat der Kunde dem Fotografen keine ausdr\u00fccklichen Weisungen hinsichtlich der Gestaltung der Lichtbilder gegeben, so sind Reklamationen bez\u00fcglich der Bildauffassung sowie der k\u00fcnstlerisch-technischen Gestaltung ausgeschlossen. Die Fotografin ist in der Durchf\u00fchrung des Auftrages frei. Dies gilt insbesondere f\u00fcr die Bildauffassung, den Aufnahmeort und die angewendeten optisch-technischen Mittel. Abweichungen von fr\u00fcheren Lieferungen und Auftr\u00e4gen stellen keinen Mangel dar. W\u00fcnscht der Kunde w\u00e4hrend oder nach der Aufnahmeproduktion \u00c4nderungen, so hat er die Mehrkosten zu tragen. Der Fotograf beh\u00e4lt den Verg\u00fctungsanspruch f\u00fcr bereits begonnene Arbeiten.<\/li>\n<\/ol>\n<p>V. Nichterf\u00fcllung\/ R\u00fccktritt des Kunden f\u00fcr Hochzeitsfotos<\/p>\n<ol>\n<li>Bei Nichterf\u00fcllung des Auftrages seitens des Kunden wird die Reservierungsgeb\u00fchr in H\u00f6he von 30% der Gesamtsumme einbehalten und es fallen Stornierungsgeb\u00fchren gestaffelt an und zwar wie folgt:<\/li>\n<\/ol>\n<p style=\"padding-left: 60px;\">60 Tage vor dem Auftrag (Shooting) 50 % der Gesamtsumme<\/p>\n<p style=\"padding-left: 60px;\">20 Tage vor dem Auftrag (Shooting) 75 % der Gesamtsumme<\/p>\n<p style=\"padding-left: 60px;\">Weniger als 20 Tage vor dem Auftrag 100 % der Gesamtsumme<\/p>\n<p style=\"padding-left: 30px;\">In den Stornierungsgeb\u00fchren ist die Reservierungsgeb\u00fchr bereits enthalten.<\/p>\n<p style=\"padding-left: 30px;\">Der Schadensbetrag ist h\u00f6her oder geringer, wenn der Fotograf einen h\u00f6heren oder der Kunde einen niedrigen Schaden nachweist.<\/p>\n<p>VI. Haftung<\/p>\n<ol>\n<li>Bei Nichterf\u00fcllung des Auftrages durch den Fotografen besteht kein Anspruch auf Schadensersatz. Sollte der Auftrag durch den Fotografen nicht erf\u00fcllt werden k\u00f6nnen, ist dieser bem\u00fcht in einem ihm zumutbaren Aufwand f\u00fcr ad\u00e4quaten Ersatz zu sorgen. F\u00fcr einen technischen Defekt, h\u00f6here Gewalt oder Krankheit sowie Tod des Fotografen \u00fcbernimmt diese keine Haftung. Diese Haftungsausschl\u00fcsse gelten nicht bei Verletzung von Leben, K\u00f6rper, Gesundheit und bei grobem Verschulden, d.h. ein Ausschluss und eine Begrenzung der Haftung f\u00fcr Sch\u00e4den aus der Verletzung des Lebens, des K\u00f6rpers oder der Gesundheit, die auf einer fahrl\u00e4ssigen Pflichtverletzung des Verwenders oder einer vors\u00e4tzlichen oder fahrl\u00e4ssigen Pflichtverletzung eines gesetzlichen Vertreters oder Erf\u00fcllungsgehilfen des Verwenders beruhen sowie ein Ausschluss oder eine Begrenzung der Haftung f\u00fcr sonstige Sch\u00e4den, die auf einer grob fahrl\u00e4ssigen Pflichtverletzung des Verwenders oder auf einer vors\u00e4tzlichen oder grobfahrl\u00e4ssigen Pflichtverletzung eines gesetzlichen Vertreters oder Erf\u00fcllungsgehilfen des Verwenders beruhen, bestehen nicht<\/li>\n<li>.F\u00fcr die Verletzung von Pflichten, die nicht in unmittelbarem Zusammenhang mit wesentlichen Vertragspflichten stehen, haftet der Fotograf f\u00fcr sich und seine Erf\u00fcllungsgehilfen nur bei Vorsatz und grober Fahrl\u00e4ssigkeit. Er haftet ferner f\u00fcr Sch\u00e4den aus der Verletzung des Lebens, des K\u00f6rpers oder der Gesundheit sowie aus der Verletzung wesentlicher Vertragspflichten, die er oder seine Erf\u00fcllungsgehilfen durch schuldhafte Pflichtverletzungen herbeigef\u00fchrt haben.<\/li>\n<li>F\u00fcr Sch\u00e4den an Aufnahmeobjekten, Vorlagen, Filmen, Displays, Layouts, Negativen oder Daten haftet der Fotograf \u2013 wenn nichts anderes vereinbart wurde \u2013 nur bei Vorsatz und grober Fahrl\u00e4ssigkeit.<\/li>\n<li>Der Fotograf verwahrt die Negative sowie die gespeicherten Fotodaten sorgf\u00e4ltig. Er ist berechtigt, aber nicht verpflichtet, von ihm aufbewahrte Negative nach drei Jahren seit Beendigung des Auftrags zu vernichten. Vor der Vernichtung benachrichtigt er den Kunden und bietet ihm die Negative bzw. gespeicherten Fotodaten zum Kauf an.<\/li>\n<li>Der Fotograf haftet f\u00fcr Lichtbest\u00e4ndigkeit und Dauerhaftigkeit der Lichtbilder nur im Rahmen der Garantieleistungen der Hersteller des Fotomaterials.<\/li>\n<li>Die Zusendung und R\u00fccksendung von Filmen, Bildern und Vorlagen erfolgt auf Kosten und Gefahr des Kunden. Der Kunde kann bestimmen, wie und durch wen die R\u00fccksendung erfolgt.<\/li>\n<\/ol>\n<p>VII. Nebenpflichten<\/p>\n<ol>\n<li>Der Kunde versichert, dass er an allen dem Fotografen \u00fcbergebenen Vorlagen das Vervielf\u00e4ltigungs- und Verbreitungsrecht sowie bei Personenbildnissen die Einwilligung der abgebildeten Personen zur Ver\u00f6ffentlichung, Vervielf\u00e4ltigung und Verbreitung besitzt. Ersatzanspr\u00fcche Dritter, die auf der Verletzung dieser Pflicht beruhen, tr\u00e4gt der Kunde.<\/li>\n<li>Der Kunde verpflichtet sich, die Aufnahmeobjekte rechtzeitig zur Verf\u00fcgung zu stellen und unverz\u00fcglich nach der Aufnahme wieder abzuholen. Holt der Kunde nach Aufforderung die Aufnahmeobjekte nicht sp\u00e4testens nach zwei Werktagen ab, ist der Fotograf berechtigt, gegebenenfalls Lagerkosten zu berechnen oder bei Blockierung seiner Studior\u00e4ume die Gegenst\u00e4nde auf Kosten des Kunden auszulagern. Transport- und Lagerkosten gehen zu Lasten des Kunden.<\/li>\n<\/ol>\n<p>VIII. Leistungsst\u00f6rung, Ausfallhonorar<\/p>\n<ol>\n<li>\u00dcberl\u00e4sst der Fotograf dem Kunden mehrere Lichtbilder zur Auswahl, hat der Kunde die nicht ausgew\u00e4hlten Lichtbilder innerhalb einer Woche nach Zugang &#8211; wenn keine l\u00e4ngere Zeit vereinbart wurde &#8211; auf eigene Kosten und Gefahr zur\u00fccksenden. F\u00fcr verlorene oder besch\u00e4digte Lichtbilder kann der Fotograf, sofern er den Verlust oder die Besch\u00e4digung nicht zu vertreten hat, Bezahlung verlangen.<\/li>\n<li>\u00dcberl\u00e4sst der Fotograf dem Kunden Bilder aus seinem Archiv, so hat der Kunde die nicht ausgew\u00e4hlten Bilder innerhalb eines Monats nach Zugang beim Kunden, die ausgew\u00e4hlten innerhalb eines Monats nach Verwendung zur\u00fcckzuschicken. Kommt der Kunden mit der R\u00fccksendung in Verzug, kann der Fotograf eine Blockierungsgeb\u00fchr von 1 (in Worten: einem) Euro pro Tag und Bild verlangen, sofern nicht der Kunde nachweist, dass ein Schaden nicht entstanden oder niedriger ist als die Schadenspauschale. Bei Verlust oder Besch\u00e4digung, die eine weitere Verwendung der Bilder ausschlie\u00dft, kann der Fotograf Schadenersatz verlangen. Der Schadenersatz betr\u00e4gt mindestens 1000 (in Worten: eintausend) Euro f\u00fcr jedes Original und 200 (in Worten: zweihundert) Euro f\u00fcr jedes Duplikat, sofern nicht der Kunde nachweist, dass ein Schaden nicht entstanden oder niedriger ist als die Schadenspauschale. Die Geltendmachung eines h\u00f6heren Schadens bleibt dem Fotografen vorbehalten.<\/li>\n<li>Wird die f\u00fcr die Durchf\u00fchrung des Auftrages vorgesehene Zeit aus Gr\u00fcnden, die der Fotograf nicht zu vertreten hat, wesentlich \u00fcberschritten, so erh\u00f6ht sich das Honorar des Fotografen, sofern ein Pauschalpreis vereinbart war, entsprechend. Ist ein Zeithonorar vereinbart, erh\u00e4lt der Fotograf auch f\u00fcr die Wartezeit den vereinbarten Stunden- oder Tagessatz, sofern nicht der Kunde nachweist, dass dem Fotografen kein Schaden entstanden ist. Bei Vorsatz oder Fahrl\u00e4ssigkeit des Kunden kann der Fotograf auch Schadensersatzanspr\u00fcche geltend machen.<\/li>\n<li>Liefertermine f\u00fcr Lichtbilder sind nur dann verbindlich, wenn sie ausdr\u00fccklich vom Fotografen best\u00e4tigt worden sind. Der Fotograf haftet f\u00fcr Frist\u00fcberschreitung nur bei Vorsatz und grober Fahrl\u00e4ssigkeit.<\/li>\n<\/ol>\n<p>IX. Datenschutz<\/p>\n<p style=\"padding-left: 30px;\">Zum Gesch\u00e4ftsverkehr erforderliche personenbezogene Daten des Kunden k\u00f6nnen gespeichert werden. Der Fotograf verpflichtet sich, alle ihm im Rahmen des Auftrages bekannt gewordenen Informationen vertraulich zu behandeln. Auf der Homepage des Fotografen\u00a0https:\/\/www.melanie-melcher.de\/index.php\/datenschutzerklaerung\/ ist die Datenschutzerkl\u00e4rung\u00a0 einsehbar.<\/p>\n<p style=\"padding-left: 30px;\">F\u00fcr die Nutzer der Online-Galerie unter der Website <a href=\"https:\/\/melaniemelcher.portraitbox.com\">https:\/\/melaniemelcher.portraitbox.com<\/a> ist die Datenschutzerkl\u00e4rung einsehbar unter <a href=\"https:\/\/melaniemelcher.portraitbox.com\/datenschutz\">https:\/\/melaniemelcher.portraitbox.com\/datenschutz<\/a>.<\/p>\n<p>X. Digitale Fotografie<\/p>\n<ol>\n<li>Die Digitalisierung, Speicherung und Vervielf\u00e4ltigung der Lichtbilder des Fotografen auf Datentr\u00e4gern aller Art bedarf der vorherigen schriftlichen Zustimmung des Fotografen.<\/li>\n<li>Die \u00dcbertragung von Nutzungsrechten beinhaltet nicht das Recht zur Speicherung und Vervielf\u00e4ltigung, wenn dieses Recht nicht ausdr\u00fccklich \u00fcbertragen wurde.<\/li>\n<\/ol>\n<p>XI. Bildbearbeitung<\/p>\n<ol>\n<li>Die Bearbeitung von Lichtbildern des Fotografen und ihre Vervielf\u00e4ltigung und Verbreitung, analog oder digital, bedarf der vorherigen Zustimmung des Fotografen. Entsteht durch Foto-Composing, Montage oder sonstige elektronische Manipulation ein neues Werk, ist dieses mit [M] zu kennzeichnen. Die Urheber der verwendeten Werke und der Urheber des neuen Werkes sind Miturheber im Sinne des \u00a78 UrhG.<\/li>\n<li>Der Kunde ist verpflichtet, Lichtbilder des Fotografen digital so zu speichern und zu kopieren, dass der Name des Fotografen mit den Bilddaten elektronisch verkn\u00fcpft wird.<\/li>\n<li>Der Kunde ist verpflichtet, diese elektronische Verkn\u00fcpfung so vorzunehmen, dass sie bei jeder Art von Daten\u00fcbertragung, bei jeder Wiedergabe auf Bildschirmen, bei allen Arten von Projektionen, insbesondere bei jeder \u00f6ffentlichen Wiedergabe, erhalten bleibt und der Fotograf als Urheber der Bilder klar und eindeutig identifizierbar ist.<\/li>\n<li>Der Kunde versichert, dass er dazu berechtigt ist, den Fotografen mit der elektronischen Bearbeitung fremder Lichtbilder zu beauftragen, wenn er einen solchen Auftrag erteilt. Er stellt den Fotografen von allen Anspr\u00fcchen Dritter frei, die auf der Verletzung dieser Pflicht beruhen.<\/li>\n<\/ol>\n<p>XII. Nutzung und Verbreitung<\/p>\n<ol>\n<li>Die Verbreitung von Lichtbildern des Fotografen durch den Kunden im Internet und in Intranets, in Online-Datenbanken, in elektronischen Archiven, die nicht nur f\u00fcr den internen Gebrauch des Kunden bestimmt sind, auf Diskette, CD-ROM oder \u00e4hnlichen Datentr\u00e4gern ist nur aufgrund<\/li>\n<li>einer besonderen Vereinbarung zwischen dem Fotografen und dem Kunden gestattet.Die Weitergabe digitalisierter Lichtbilder im Internet und in Intranets und auf Datentr\u00e4gern und Ger\u00e4ten, die zur \u00f6ffentlichen Wiedergabe auf Bildschirmen oder zur Herstellung von Soft- und Hardcopies geeignet sind, bedarf der vorherigen schriftlichen Zustimmung des Fotografen.<\/li>\n<li>Die Vervielf\u00e4ltigung und Verbreitung von Bearbeitungen, die der Fotograf auf elektronischem Wege hergestellt hat, bed\u00fcrfen der vorherigen schriftlichen Zustimmung des Fotografen.<\/li>\n<li>Der Fotograf ist nicht verpflichtet, Datentr\u00e4ger, Dateien und Daten an den Kunden herauszugeben, wenn dies nicht ausdr\u00fccklich schriftlich vereinbart wurde.<\/li>\n<li>W\u00fcnscht der Kunde, dass der Fotograf ihm Datentr\u00e4ger, Dateien und Daten zur Verf\u00fcgung stellt, ist dies zu vereinbaren und gesondert zu verg\u00fcten.<\/li>\n<li>Hat der Fotograf dem Kunden Datentr\u00e4ger, Dateien und Daten zur Verf\u00fcgung gestellt, d\u00fcrfen diese nur mit vorheriger Einwilligung des Fotografen ver\u00e4ndert werden.<\/li>\n<li>Gefahr und Kosten des Transports von Datentr\u00e4gern, Dateien und Daten online und offline liegen beim Kunden; die Art und Weise der \u00dcbermittlung kann der Fotograf bestimmen.<\/li>\n<\/ol>\n<p>XIII. Schlussbestimmungen<\/p>\n<ol>\n<li>Erf\u00fcllungsort f\u00fcr alle Verpflichtungen aus dem Vertragsverh\u00e4ltnis ist der Sitz des Fotografen, wenn der Vertragspartner nicht Verbraucher ist. Sind beide Vertragsparteien Kaufleute, juristische Personen des \u00f6ffentlichen Rechts oder ein \u00f6ffentlich-rechtliches Sonderverm\u00f6gen, so ist der Gesch\u00e4ftssitz des Fotografen als Gerichtsstand vereinbart.<\/li>\n<li>Sollte eine Bestimmung dieses Vertrages bzw. eine Klausel dieser Bestimmung unwirksam sein, bleiben die \u00fcbrigen Bestimmungen des Vertrages hiervon unber\u00fchrt und anstelle der unwirksamen Bestimmung tritt die gesetzliche Regelung.<\/li>\n<\/ol>\n","protected":false},"excerpt":{"rendered":"<p>Melanie Melcher Allgemeine Gesch\u00e4ftsbedingungen (kurz: AGB) I. Allgemeines Die nachfolgenden AGB gelten f\u00fcr alle dem Auftragnehmer (nachfolgend Fotograf genannt) erteilten Auftr\u00e4ge. Sie gelten als vereinbart, wenn ihnen nicht umgehend widersprochen wird. \u201eLichtbilder\u201c im Sinne dieser AGB sind alle vom Fotografen hergestellten Produkte, gleich in welcher technischen Form oder in welchem Medium sie erstellt wurden oder [&hellip;]<\/p>\n","protected":false},"author":1,"featured_media":0,"parent":0,"menu_order":0,"comment_status":"closed","ping_status":"closed","template":"page-full-width.php","meta":{"footnotes":""},"class_list":["post-3708","page","type-page","status-publish","hentry"],"_links":{"self":[{"href":"https:\/\/www.melanie-melcher.de\/index.php\/wp-json\/wp\/v2\/pages\/3708","targetHints":{"allow":["GET"]}}],"collection":[{"href":"https:\/\/www.melanie-melcher.de\/index.php\/wp-json\/wp\/v2\/pages"}],"about":[{"href":"https:\/\/www.melanie-melcher.de\/index.php\/wp-json\/wp\/v2\/types\/page"}],"author":[{"embeddable":true,"href":"https:\/\/www.melanie-melcher.de\/index.php\/wp-json\/wp\/v2\/users\/1"}],"replies":[{"embeddable":true,"href":"https:\/\/www.melanie-melcher.de\/index.php\/wp-json\/wp\/v2\/comments?post=3708"}],"version-history":[{"count":12,"href":"https:\/\/www.melanie-melcher.de\/index.php\/wp-json\/wp\/v2\/pages\/3708\/revisions"}],"predecessor-version":[{"id":3944,"href":"https:\/\/www.melanie-melcher.de\/index.php\/wp-json\/wp\/v2\/pages\/3708\/revisions\/3944"}],"wp:attachment":[{"href":"https:\/\/www.melanie-melcher.de\/index.php\/wp-json\/wp\/v2\/media?parent=3708"}],"curies":[{"name":"wp","href":"https:\/\/api.w.org\/{rel}","templated":true}]}}